{"id":566,"date":"2018-09-17T05:58:25","date_gmt":"2018-09-17T05:58:25","guid":{"rendered":"https:\/\/laketownapartments.com\/kapcsolat\/"},"modified":"2018-09-17T05:58:25","modified_gmt":"2018-09-17T05:58:25","slug":"kapcsolat","status":"publish","type":"page","link":"https:\/\/laketownapartments.com\/hu\/kapcsolat\/","title":{"rendered":"Kapcsolat"},"content":{"rendered":"<div><p class=\"wpcf7-contact-form-not-found\"><strong>Hiba:<\/strong> Kapcsolatfelv\u00e9teli \u0171rlap nem tal\u00e1lhat\u00f3.<\/p><\/div>\n","protected":false},"excerpt":{"rendered":"","protected":false},"author":2,"featured_media":0,"parent":0,"menu_order":0,"comment_status":"closed","ping_status":"closed","template":"template-contact.php","meta":{"_coblocks_attr":"","_coblocks_dimensions":"","_coblocks_responsive_height":"","_coblocks_accordion_ie_support":"","footnotes":""},"class_list":["post-566","page","type-page","status-publish","hentry"],"yoast_head":"<!-- This site is optimized with the Yoast SEO plugin v27.6 - https:\/\/yoast.com\/product\/yoast-seo-wordpress\/ -->\n<title>Kapcsolat - Lake Town Apartments<\/title>\n<meta name=\"robots\" content=\"index, follow, max-snippet:-1, max-image-preview:large, max-video-preview:-1\" \/>\n<link rel=\"canonical\" href=\"https:\/\/laketownapartments.com\/hu\/kapcsolat\/\" \/>\n<meta property=\"og:locale\" content=\"hu_HU\" \/>\n<meta property=\"og:type\" content=\"article\" \/>\n<meta property=\"og:title\" content=\"Kapcsolat - Lake Town Apartments\" \/>\n<meta property=\"og:url\" content=\"https:\/\/laketownapartments.com\/hu\/kapcsolat\/\" \/>\n<meta property=\"og:site_name\" content=\"Lake Town Apartments\" \/>\n<meta name=\"twitter:card\" content=\"summary_large_image\" \/>\n<script type=\"application\/ld+json\" class=\"yoast-schema-graph\">{\"@context\":\"https:\\\/\\\/schema.org\",\"@graph\":[{\"@type\":\"WebPage\",\"@id\":\"https:\\\/\\\/laketownapartments.com\\\/hu\\\/kapcsolat\\\/\",\"url\":\"https:\\\/\\\/laketownapartments.com\\\/hu\\\/kapcsolat\\\/\",\"name\":\"Kapcsolat - Lake Town Apartments\",\"isPartOf\":{\"@id\":\"https:\\\/\\\/laketownapartments.com\\\/hu\\\/#website\"},\"datePublished\":\"2018-09-17T05:58:25+00:00\",\"breadcrumb\":{\"@id\":\"https:\\\/\\\/laketownapartments.com\\\/hu\\\/kapcsolat\\\/#breadcrumb\"},\"inLanguage\":\"hu\",\"potentialAction\":[{\"@type\":\"ReadAction\",\"target\":[\"https:\\\/\\\/laketownapartments.com\\\/hu\\\/kapcsolat\\\/\"]}]},{\"@type\":\"BreadcrumbList\",\"@id\":\"https:\\\/\\\/laketownapartments.com\\\/hu\\\/kapcsolat\\\/#breadcrumb\",\"itemListElement\":[{\"@type\":\"ListItem\",\"position\":1,\"name\":\"Home\",\"item\":\"https:\\\/\\\/laketownapartments.com\\\/hu\\\/\"},{\"@type\":\"ListItem\",\"position\":2,\"name\":\"Kapcsolat\"}]},{\"@type\":\"WebSite\",\"@id\":\"https:\\\/\\\/laketownapartments.com\\\/hu\\\/#website\",\"url\":\"https:\\\/\\\/laketownapartments.com\\\/hu\\\/\",\"name\":\"Lake Town Apartments\",\"description\":\"\",\"publisher\":{\"@id\":\"https:\\\/\\\/laketownapartments.com\\\/hu\\\/#\\\/schema\\\/person\\\/d7bae3ce1c8832d7e17ea5ccb1feae9c\"},\"potentialAction\":[{\"@type\":\"SearchAction\",\"target\":{\"@type\":\"EntryPoint\",\"urlTemplate\":\"https:\\\/\\\/laketownapartments.com\\\/hu\\\/?s={search_term_string}\"},\"query-input\":{\"@type\":\"PropertyValueSpecification\",\"valueRequired\":true,\"valueName\":\"search_term_string\"}}],\"inLanguage\":\"hu\"},{\"@type\":[\"Person\",\"Organization\"],\"@id\":\"https:\\\/\\\/laketownapartments.com\\\/hu\\\/#\\\/schema\\\/person\\\/d7bae3ce1c8832d7e17ea5ccb1feae9c\",\"name\":\"laketownapartments\",\"image\":{\"@type\":\"ImageObject\",\"inLanguage\":\"hu\",\"@id\":\"https:\\\/\\\/laketownapartments.com\\\/wp-content\\\/uploads\\\/2024\\\/02\\\/Lake-Town-Apartments-Logo-white.jpg\",\"url\":\"https:\\\/\\\/laketownapartments.com\\\/wp-content\\\/uploads\\\/2024\\\/02\\\/Lake-Town-Apartments-Logo-white.jpg\",\"contentUrl\":\"https:\\\/\\\/laketownapartments.com\\\/wp-content\\\/uploads\\\/2024\\\/02\\\/Lake-Town-Apartments-Logo-white.jpg\",\"width\":1192,\"height\":1192,\"caption\":\"laketownapartments\"},\"logo\":{\"@id\":\"https:\\\/\\\/laketownapartments.com\\\/wp-content\\\/uploads\\\/2024\\\/02\\\/Lake-Town-Apartments-Logo-white.jpg\"},\"sameAs\":[\"https:\\\/\\\/laketownapartments.com\"]}]}<\/script>\n<!-- \/ Yoast SEO plugin. -->","yoast_head_json":{"title":"Kapcsolat - Lake Town Apartments","robots":{"index":"index","follow":"follow","max-snippet":"max-snippet:-1","max-image-preview":"max-image-preview:large","max-video-preview":"max-video-preview:-1"},"canonical":"https:\/\/laketownapartments.com\/hu\/kapcsolat\/","og_locale":"hu_HU","og_type":"article","og_title":"Kapcsolat - Lake Town Apartments","og_url":"https:\/\/laketownapartments.com\/hu\/kapcsolat\/","og_site_name":"Lake Town Apartments","twitter_card":"summary_large_image","schema":{"@context":"https:\/\/schema.org","@graph":[{"@type":"WebPage","@id":"https:\/\/laketownapartments.com\/hu\/kapcsolat\/","url":"https:\/\/laketownapartments.com\/hu\/kapcsolat\/","name":"Kapcsolat - Lake Town Apartments","isPartOf":{"@id":"https:\/\/laketownapartments.com\/hu\/#website"},"datePublished":"2018-09-17T05:58:25+00:00","breadcrumb":{"@id":"https:\/\/laketownapartments.com\/hu\/kapcsolat\/#breadcrumb"},"inLanguage":"hu","potentialAction":[{"@type":"ReadAction","target":["https:\/\/laketownapartments.com\/hu\/kapcsolat\/"]}]},{"@type":"BreadcrumbList","@id":"https:\/\/laketownapartments.com\/hu\/kapcsolat\/#breadcrumb","itemListElement":[{"@type":"ListItem","position":1,"name":"Home","item":"https:\/\/laketownapartments.com\/hu\/"},{"@type":"ListItem","position":2,"name":"Kapcsolat"}]},{"@type":"WebSite","@id":"https:\/\/laketownapartments.com\/hu\/#website","url":"https:\/\/laketownapartments.com\/hu\/","name":"Lake Town Apartments","description":"","publisher":{"@id":"https:\/\/laketownapartments.com\/hu\/#\/schema\/person\/d7bae3ce1c8832d7e17ea5ccb1feae9c"},"potentialAction":[{"@type":"SearchAction","target":{"@type":"EntryPoint","urlTemplate":"https:\/\/laketownapartments.com\/hu\/?s={search_term_string}"},"query-input":{"@type":"PropertyValueSpecification","valueRequired":true,"valueName":"search_term_string"}}],"inLanguage":"hu"},{"@type":["Person","Organization"],"@id":"https:\/\/laketownapartments.com\/hu\/#\/schema\/person\/d7bae3ce1c8832d7e17ea5ccb1feae9c","name":"laketownapartments","image":{"@type":"ImageObject","inLanguage":"hu","@id":"https:\/\/laketownapartments.com\/wp-content\/uploads\/2024\/02\/Lake-Town-Apartments-Logo-white.jpg","url":"https:\/\/laketownapartments.com\/wp-content\/uploads\/2024\/02\/Lake-Town-Apartments-Logo-white.jpg","contentUrl":"https:\/\/laketownapartments.com\/wp-content\/uploads\/2024\/02\/Lake-Town-Apartments-Logo-white.jpg","width":1192,"height":1192,"caption":"laketownapartments"},"logo":{"@id":"https:\/\/laketownapartments.com\/wp-content\/uploads\/2024\/02\/Lake-Town-Apartments-Logo-white.jpg"},"sameAs":["https:\/\/laketownapartments.com"]}]}},"_links":{"self":[{"href":"https:\/\/laketownapartments.com\/hu\/wp-json\/wp\/v2\/pages\/566","targetHints":{"allow":["GET"]}}],"collection":[{"href":"https:\/\/laketownapartments.com\/hu\/wp-json\/wp\/v2\/pages"}],"about":[{"href":"https:\/\/laketownapartments.com\/hu\/wp-json\/wp\/v2\/types\/page"}],"author":[{"embeddable":true,"href":"https:\/\/laketownapartments.com\/hu\/wp-json\/wp\/v2\/users\/2"}],"replies":[{"embeddable":true,"href":"https:\/\/laketownapartments.com\/hu\/wp-json\/wp\/v2\/comments?post=566"}],"version-history":[{"count":0,"href":"https:\/\/laketownapartments.com\/hu\/wp-json\/wp\/v2\/pages\/566\/revisions"}],"wp:attachment":[{"href":"https:\/\/laketownapartments.com\/hu\/wp-json\/wp\/v2\/media?parent=566"}],"curies":[{"name":"wp","href":"https:\/\/api.w.org\/{rel}","templated":true}]}}