{"id":540,"date":"2018-09-17T07:36:04","date_gmt":"2018-09-17T07:36:04","guid":{"rendered":"https:\/\/laketownapartments.com\/szobaink\/"},"modified":"2024-07-27T04:39:41","modified_gmt":"2024-07-27T04:39:41","slug":"szobaink","status":"publish","type":"page","link":"https:\/\/laketownapartments.com\/hu\/szobaink\/","title":{"rendered":"Szob\u00e1ink"},"content":{"rendered":"\n<div class=\"wp-block-media-text has-media-on-the-right is-stacked-on-mobile\"><div class=\"wp-block-media-text__content\">\n<p style=\"font-size:22px\"><strong><mark style=\"background-color:rgba(0, 0, 0, 0);color:#dda668\" class=\"has-inline-color\">K\u00e9t h\u00e1l\u00f3szob\u00e1s apartman<\/mark><\/strong><\/p>\n\n\n\n<p style=\"font-size:14px\"><strong><mark style=\"background-color:rgba(0, 0, 0, 0)\" class=\"has-inline-color has-black-color\">C\u00edm: 9600, S\u00e1rv\u00e1r, Krisztina k\u00f6r\u00fat 66 B 1\/1<\/mark><\/strong><br>Apartmanunk csendes, nyugodt, csal\u00e1dias k\u00f6rnyezetben, S\u00e1rv\u00e1r vadonat\u00faj lak\u00f3parkj\u00e1ban tal\u00e1lhat\u00f3, nem messze a v\u00e1ros l\u00e1tnival\u00f3it\u00f3l, m\u00e9gis t\u00e1vol a v\u00e1ros ny\u00fczsg\u00e9s\u00e9t\u0151l \u00e9s zaj\u00e1t\u00f3l. <br>Lake Town Apartments a S\u00e1rv\u00e1r F\u00fcrd\u0151 ny\u00e1ri bej\u00e1rat\u00e1t\u00f3l 1,5 km-re, a t\u00f6rt\u00e9nelmi belv\u00e1rost\u00f3l 3 km-re k\u00f6zvetlen\u00fcl a gy\u00f6ny\u00f6r\u0171 Cs\u00f3nak\u00e1z\u00f3-t\u00f3 \u00e9s kir\u00e1ndul\u00f3 erd\u0151 mellett tal\u00e1lhat\u00f3.<br>Apartmanunk maximum 6 vend\u00e9g befogad\u00e1s\u00e1ra alkalmas \u00e9s k\u00e9t k\u00fcl\u00f6n\u00e1ll\u00f3 h\u00e1l\u00f3szob\u00e1val rendelkezik: egyikben egy francia\u00e1gy, m\u00e1sikban k\u00e9t k\u00fcl\u00f6n\u00e1ll\u00f3 egyszem\u00e9lyes \u00e1gy tal\u00e1lhat\u00f3. A t\u00e1gas nappalihoz pedig kih\u00fazhat\u00f3 kanap\u00e9 tartozik. <br>Ig\u00e9ny szerint \u00e9s szabad hely f\u00fcggv\u00e9ny\u00e9ben, \u00f6sszesen 10 vend\u00e9get tudunk fogadni az ugyanabban az \u00e9p\u00fcletben tal\u00e1lhat\u00f3 Mizzou Apartmenttel egy\u00fcttm\u0171k\u00f6dve.   <\/p>\n\n\n\n<p style=\"font-size:13px\"><\/p>\n<\/div><figure class=\"wp-block-media-text__media\"><img fetchpriority=\"high\" decoding=\"async\" width=\"1024\" height=\"768\" src=\"https:\/\/laketownapartments.com\/wp-content\/uploads\/2024\/02\/IMG_4267-1024x768.jpg\" alt=\"\" class=\"wp-image-62 size-full\"\/><\/figure><\/div>\n\n\n\n<div class=\"wp-block-media-text is-stacked-on-mobile\"><figure class=\"wp-block-media-text__media\"><\/figure><div class=\"wp-block-media-text__content\">\n<p><\/p>\n<\/div><\/div>\n\n\n\n<div class=\"wp-block-media-text is-stacked-on-mobile\"><figure class=\"wp-block-media-text__media\"><\/figure><div class=\"wp-block-media-text__content\">\n<p><\/p>\n<\/div><\/div>\n","protected":false},"excerpt":{"rendered":"<p>K\u00e9t h\u00e1l\u00f3szob\u00e1s apartman C\u00edm: 9600, S\u00e1rv\u00e1r, Krisztina k\u00f6r\u00fat 66 B 1\/1Apartmanunk csendes, nyugodt, csal\u00e1dias k\u00f6rnyezetben, S\u00e1rv\u00e1r vadonat\u00faj lak\u00f3parkj\u00e1ban tal\u00e1lhat\u00f3, nem messze a v\u00e1ros l\u00e1tnival\u00f3it\u00f3l, m\u00e9gis t\u00e1vol a v\u00e1ros ny\u00fczsg\u00e9s\u00e9t\u0151l \u00e9s zaj\u00e1t\u00f3l. Lake Town Apartments a S\u00e1rv\u00e1r F\u00fcrd\u0151 ny\u00e1ri bej\u00e1rat\u00e1t\u00f3l 1,5 km-re, a t\u00f6rt\u00e9nelmi belv\u00e1rost\u00f3l 3 km-re k\u00f6zvetlen\u00fcl a gy\u00f6ny\u00f6r\u0171 Cs\u00f3nak\u00e1z\u00f3-t\u00f3 \u00e9s kir\u00e1ndul\u00f3 erd\u0151 mellett tal\u00e1lhat\u00f3.Apartmanunk maximum 6 vend\u00e9g befogad\u00e1s\u00e1ra alkalmas \u00e9s k\u00e9t k\u00fcl\u00f6n\u00e1ll\u00f3 h\u00e1l\u00f3szob\u00e1val rendelkezik: egyikben egy francia\u00e1gy, m\u00e1sikban k\u00e9t k\u00fcl\u00f6n\u00e1ll\u00f3 egyszem\u00e9lyes \u00e1gy tal\u00e1lhat\u00f3. A t\u00e1gas nappalihoz pedig kih\u00fazhat\u00f3 kanap\u00e9 tartozik. Ig\u00e9ny szerint \u00e9s szabad hely f\u00fcggv\u00e9ny\u00e9ben, \u00f6sszesen 10 vend\u00e9get tudunk fogadni az ugyanabban az \u00e9p\u00fcletben tal\u00e1lhat\u00f3 Mizzou Apartmenttel egy\u00fcttm\u0171k\u00f6dve.<\/p>\n","protected":false},"author":2,"featured_media":0,"parent":0,"menu_order":0,"comment_status":"closed","ping_status":"closed","template":"template-full-width.php","meta":{"_coblocks_attr":"","_coblocks_dimensions":"","_coblocks_responsive_height":"","_coblocks_accordion_ie_support":"","footnotes":""},"class_list":["post-540","page","type-page","status-publish","hentry"],"yoast_head":"<!-- This site is optimized with the Yoast SEO plugin v27.6 - https:\/\/yoast.com\/product\/yoast-seo-wordpress\/ -->\n<title>Szob\u00e1ink - Lake Town Apartments<\/title>\n<meta name=\"robots\" content=\"index, follow, max-snippet:-1, max-image-preview:large, max-video-preview:-1\" \/>\n<link rel=\"canonical\" href=\"https:\/\/laketownapartments.com\/hu\/szobaink\/\" \/>\n<meta property=\"og:locale\" content=\"hu_HU\" \/>\n<meta property=\"og:type\" content=\"article\" \/>\n<meta property=\"og:title\" content=\"Szob\u00e1ink - Lake Town Apartments\" \/>\n<meta property=\"og:description\" content=\"K\u00e9t h\u00e1l\u00f3szob\u00e1s apartman C\u00edm: 9600, S\u00e1rv\u00e1r, Krisztina k\u00f6r\u00fat 66 B 1\/1Apartmanunk csendes, nyugodt, csal\u00e1dias k\u00f6rnyezetben, S\u00e1rv\u00e1r vadonat\u00faj lak\u00f3parkj\u00e1ban tal\u00e1lhat\u00f3, nem messze a v\u00e1ros l\u00e1tnival\u00f3it\u00f3l, m\u00e9gis t\u00e1vol a v\u00e1ros ny\u00fczsg\u00e9s\u00e9t\u0151l \u00e9s zaj\u00e1t\u00f3l. Lake Town Apartments a S\u00e1rv\u00e1r F\u00fcrd\u0151 ny\u00e1ri bej\u00e1rat\u00e1t\u00f3l 1,5 km-re, a t\u00f6rt\u00e9nelmi belv\u00e1rost\u00f3l 3 km-re k\u00f6zvetlen\u00fcl a gy\u00f6ny\u00f6r\u0171 Cs\u00f3nak\u00e1z\u00f3-t\u00f3 \u00e9s kir\u00e1ndul\u00f3 erd\u0151 mellett tal\u00e1lhat\u00f3.Apartmanunk maximum 6 vend\u00e9g befogad\u00e1s\u00e1ra alkalmas \u00e9s k\u00e9t k\u00fcl\u00f6n\u00e1ll\u00f3 h\u00e1l\u00f3szob\u00e1val rendelkezik: egyikben egy francia\u00e1gy, m\u00e1sikban k\u00e9t k\u00fcl\u00f6n\u00e1ll\u00f3 egyszem\u00e9lyes \u00e1gy tal\u00e1lhat\u00f3. A t\u00e1gas nappalihoz pedig kih\u00fazhat\u00f3 kanap\u00e9 tartozik. Ig\u00e9ny szerint \u00e9s szabad hely f\u00fcggv\u00e9ny\u00e9ben, \u00f6sszesen 10 vend\u00e9get tudunk fogadni az ugyanabban az \u00e9p\u00fcletben tal\u00e1lhat\u00f3 Mizzou Apartmenttel egy\u00fcttm\u0171k\u00f6dve.\" \/>\n<meta property=\"og:url\" content=\"https:\/\/laketownapartments.com\/hu\/szobaink\/\" \/>\n<meta property=\"og:site_name\" content=\"Lake Town Apartments\" \/>\n<meta property=\"article:modified_time\" content=\"2024-07-27T04:39:41+00:00\" \/>\n<meta property=\"og:image\" content=\"https:\/\/laketownapartments.com\/wp-content\/uploads\/2024\/02\/IMG_4267-1024x768.jpg\" \/>\n<meta name=\"twitter:card\" content=\"summary_large_image\" \/>\n<meta name=\"twitter:label1\" content=\"Becs\u00fclt olvas\u00e1si id\u0151\" \/>\n\t<meta name=\"twitter:data1\" content=\"1 perc\" \/>\n<script type=\"application\/ld+json\" class=\"yoast-schema-graph\">{\"@context\":\"https:\\\/\\\/schema.org\",\"@graph\":[{\"@type\":\"WebPage\",\"@id\":\"https:\\\/\\\/laketownapartments.com\\\/hu\\\/szobaink\\\/\",\"url\":\"https:\\\/\\\/laketownapartments.com\\\/hu\\\/szobaink\\\/\",\"name\":\"Szob\u00e1ink - Lake Town Apartments\",\"isPartOf\":{\"@id\":\"https:\\\/\\\/laketownapartments.com\\\/hu\\\/#website\"},\"primaryImageOfPage\":{\"@id\":\"https:\\\/\\\/laketownapartments.com\\\/hu\\\/szobaink\\\/#primaryimage\"},\"image\":{\"@id\":\"https:\\\/\\\/laketownapartments.com\\\/hu\\\/szobaink\\\/#primaryimage\"},\"thumbnailUrl\":\"https:\\\/\\\/laketownapartments.com\\\/wp-content\\\/uploads\\\/2024\\\/02\\\/IMG_4267-1024x768.jpg\",\"datePublished\":\"2018-09-17T07:36:04+00:00\",\"dateModified\":\"2024-07-27T04:39:41+00:00\",\"breadcrumb\":{\"@id\":\"https:\\\/\\\/laketownapartments.com\\\/hu\\\/szobaink\\\/#breadcrumb\"},\"inLanguage\":\"hu\",\"potentialAction\":[{\"@type\":\"ReadAction\",\"target\":[\"https:\\\/\\\/laketownapartments.com\\\/hu\\\/szobaink\\\/\"]}]},{\"@type\":\"ImageObject\",\"inLanguage\":\"hu\",\"@id\":\"https:\\\/\\\/laketownapartments.com\\\/hu\\\/szobaink\\\/#primaryimage\",\"url\":\"https:\\\/\\\/laketownapartments.com\\\/wp-content\\\/uploads\\\/2024\\\/02\\\/IMG_4267-1024x768.jpg\",\"contentUrl\":\"https:\\\/\\\/laketownapartments.com\\\/wp-content\\\/uploads\\\/2024\\\/02\\\/IMG_4267-1024x768.jpg\"},{\"@type\":\"BreadcrumbList\",\"@id\":\"https:\\\/\\\/laketownapartments.com\\\/hu\\\/szobaink\\\/#breadcrumb\",\"itemListElement\":[{\"@type\":\"ListItem\",\"position\":1,\"name\":\"Home\",\"item\":\"https:\\\/\\\/laketownapartments.com\\\/hu\\\/\"},{\"@type\":\"ListItem\",\"position\":2,\"name\":\"Szob\u00e1ink\"}]},{\"@type\":\"WebSite\",\"@id\":\"https:\\\/\\\/laketownapartments.com\\\/hu\\\/#website\",\"url\":\"https:\\\/\\\/laketownapartments.com\\\/hu\\\/\",\"name\":\"Lake Town Apartments\",\"description\":\"\",\"publisher\":{\"@id\":\"https:\\\/\\\/laketownapartments.com\\\/hu\\\/#\\\/schema\\\/person\\\/d7bae3ce1c8832d7e17ea5ccb1feae9c\"},\"potentialAction\":[{\"@type\":\"SearchAction\",\"target\":{\"@type\":\"EntryPoint\",\"urlTemplate\":\"https:\\\/\\\/laketownapartments.com\\\/hu\\\/?s={search_term_string}\"},\"query-input\":{\"@type\":\"PropertyValueSpecification\",\"valueRequired\":true,\"valueName\":\"search_term_string\"}}],\"inLanguage\":\"hu\"},{\"@type\":[\"Person\",\"Organization\"],\"@id\":\"https:\\\/\\\/laketownapartments.com\\\/hu\\\/#\\\/schema\\\/person\\\/d7bae3ce1c8832d7e17ea5ccb1feae9c\",\"name\":\"laketownapartments\",\"image\":{\"@type\":\"ImageObject\",\"inLanguage\":\"hu\",\"@id\":\"https:\\\/\\\/laketownapartments.com\\\/wp-content\\\/uploads\\\/2024\\\/02\\\/Lake-Town-Apartments-Logo-white.jpg\",\"url\":\"https:\\\/\\\/laketownapartments.com\\\/wp-content\\\/uploads\\\/2024\\\/02\\\/Lake-Town-Apartments-Logo-white.jpg\",\"contentUrl\":\"https:\\\/\\\/laketownapartments.com\\\/wp-content\\\/uploads\\\/2024\\\/02\\\/Lake-Town-Apartments-Logo-white.jpg\",\"width\":1192,\"height\":1192,\"caption\":\"laketownapartments\"},\"logo\":{\"@id\":\"https:\\\/\\\/laketownapartments.com\\\/wp-content\\\/uploads\\\/2024\\\/02\\\/Lake-Town-Apartments-Logo-white.jpg\"},\"sameAs\":[\"https:\\\/\\\/laketownapartments.com\"]}]}<\/script>\n<!-- \/ Yoast SEO plugin. -->","yoast_head_json":{"title":"Szob\u00e1ink - Lake Town Apartments","robots":{"index":"index","follow":"follow","max-snippet":"max-snippet:-1","max-image-preview":"max-image-preview:large","max-video-preview":"max-video-preview:-1"},"canonical":"https:\/\/laketownapartments.com\/hu\/szobaink\/","og_locale":"hu_HU","og_type":"article","og_title":"Szob\u00e1ink - Lake Town Apartments","og_description":"K\u00e9t h\u00e1l\u00f3szob\u00e1s apartman C\u00edm: 9600, S\u00e1rv\u00e1r, Krisztina k\u00f6r\u00fat 66 B 1\/1Apartmanunk csendes, nyugodt, csal\u00e1dias k\u00f6rnyezetben, S\u00e1rv\u00e1r vadonat\u00faj lak\u00f3parkj\u00e1ban tal\u00e1lhat\u00f3, nem messze a v\u00e1ros l\u00e1tnival\u00f3it\u00f3l, m\u00e9gis t\u00e1vol a v\u00e1ros ny\u00fczsg\u00e9s\u00e9t\u0151l \u00e9s zaj\u00e1t\u00f3l. Lake Town Apartments a S\u00e1rv\u00e1r F\u00fcrd\u0151 ny\u00e1ri bej\u00e1rat\u00e1t\u00f3l 1,5 km-re, a t\u00f6rt\u00e9nelmi belv\u00e1rost\u00f3l 3 km-re k\u00f6zvetlen\u00fcl a gy\u00f6ny\u00f6r\u0171 Cs\u00f3nak\u00e1z\u00f3-t\u00f3 \u00e9s kir\u00e1ndul\u00f3 erd\u0151 mellett tal\u00e1lhat\u00f3.Apartmanunk maximum 6 vend\u00e9g befogad\u00e1s\u00e1ra alkalmas \u00e9s k\u00e9t k\u00fcl\u00f6n\u00e1ll\u00f3 h\u00e1l\u00f3szob\u00e1val rendelkezik: egyikben egy francia\u00e1gy, m\u00e1sikban k\u00e9t k\u00fcl\u00f6n\u00e1ll\u00f3 egyszem\u00e9lyes \u00e1gy tal\u00e1lhat\u00f3. A t\u00e1gas nappalihoz pedig kih\u00fazhat\u00f3 kanap\u00e9 tartozik. Ig\u00e9ny szerint \u00e9s szabad hely f\u00fcggv\u00e9ny\u00e9ben, \u00f6sszesen 10 vend\u00e9get tudunk fogadni az ugyanabban az \u00e9p\u00fcletben tal\u00e1lhat\u00f3 Mizzou Apartmenttel egy\u00fcttm\u0171k\u00f6dve.","og_url":"https:\/\/laketownapartments.com\/hu\/szobaink\/","og_site_name":"Lake Town Apartments","article_modified_time":"2024-07-27T04:39:41+00:00","og_image":[{"url":"https:\/\/laketownapartments.com\/wp-content\/uploads\/2024\/02\/IMG_4267-1024x768.jpg","type":"","width":"","height":""}],"twitter_card":"summary_large_image","twitter_misc":{"Becs\u00fclt olvas\u00e1si id\u0151":"1 perc"},"schema":{"@context":"https:\/\/schema.org","@graph":[{"@type":"WebPage","@id":"https:\/\/laketownapartments.com\/hu\/szobaink\/","url":"https:\/\/laketownapartments.com\/hu\/szobaink\/","name":"Szob\u00e1ink - Lake Town Apartments","isPartOf":{"@id":"https:\/\/laketownapartments.com\/hu\/#website"},"primaryImageOfPage":{"@id":"https:\/\/laketownapartments.com\/hu\/szobaink\/#primaryimage"},"image":{"@id":"https:\/\/laketownapartments.com\/hu\/szobaink\/#primaryimage"},"thumbnailUrl":"https:\/\/laketownapartments.com\/wp-content\/uploads\/2024\/02\/IMG_4267-1024x768.jpg","datePublished":"2018-09-17T07:36:04+00:00","dateModified":"2024-07-27T04:39:41+00:00","breadcrumb":{"@id":"https:\/\/laketownapartments.com\/hu\/szobaink\/#breadcrumb"},"inLanguage":"hu","potentialAction":[{"@type":"ReadAction","target":["https:\/\/laketownapartments.com\/hu\/szobaink\/"]}]},{"@type":"ImageObject","inLanguage":"hu","@id":"https:\/\/laketownapartments.com\/hu\/szobaink\/#primaryimage","url":"https:\/\/laketownapartments.com\/wp-content\/uploads\/2024\/02\/IMG_4267-1024x768.jpg","contentUrl":"https:\/\/laketownapartments.com\/wp-content\/uploads\/2024\/02\/IMG_4267-1024x768.jpg"},{"@type":"BreadcrumbList","@id":"https:\/\/laketownapartments.com\/hu\/szobaink\/#breadcrumb","itemListElement":[{"@type":"ListItem","position":1,"name":"Home","item":"https:\/\/laketownapartments.com\/hu\/"},{"@type":"ListItem","position":2,"name":"Szob\u00e1ink"}]},{"@type":"WebSite","@id":"https:\/\/laketownapartments.com\/hu\/#website","url":"https:\/\/laketownapartments.com\/hu\/","name":"Lake Town Apartments","description":"","publisher":{"@id":"https:\/\/laketownapartments.com\/hu\/#\/schema\/person\/d7bae3ce1c8832d7e17ea5ccb1feae9c"},"potentialAction":[{"@type":"SearchAction","target":{"@type":"EntryPoint","urlTemplate":"https:\/\/laketownapartments.com\/hu\/?s={search_term_string}"},"query-input":{"@type":"PropertyValueSpecification","valueRequired":true,"valueName":"search_term_string"}}],"inLanguage":"hu"},{"@type":["Person","Organization"],"@id":"https:\/\/laketownapartments.com\/hu\/#\/schema\/person\/d7bae3ce1c8832d7e17ea5ccb1feae9c","name":"laketownapartments","image":{"@type":"ImageObject","inLanguage":"hu","@id":"https:\/\/laketownapartments.com\/wp-content\/uploads\/2024\/02\/Lake-Town-Apartments-Logo-white.jpg","url":"https:\/\/laketownapartments.com\/wp-content\/uploads\/2024\/02\/Lake-Town-Apartments-Logo-white.jpg","contentUrl":"https:\/\/laketownapartments.com\/wp-content\/uploads\/2024\/02\/Lake-Town-Apartments-Logo-white.jpg","width":1192,"height":1192,"caption":"laketownapartments"},"logo":{"@id":"https:\/\/laketownapartments.com\/wp-content\/uploads\/2024\/02\/Lake-Town-Apartments-Logo-white.jpg"},"sameAs":["https:\/\/laketownapartments.com"]}]}},"_links":{"self":[{"href":"https:\/\/laketownapartments.com\/hu\/wp-json\/wp\/v2\/pages\/540","targetHints":{"allow":["GET"]}}],"collection":[{"href":"https:\/\/laketownapartments.com\/hu\/wp-json\/wp\/v2\/pages"}],"about":[{"href":"https:\/\/laketownapartments.com\/hu\/wp-json\/wp\/v2\/types\/page"}],"author":[{"embeddable":true,"href":"https:\/\/laketownapartments.com\/hu\/wp-json\/wp\/v2\/users\/2"}],"replies":[{"embeddable":true,"href":"https:\/\/laketownapartments.com\/hu\/wp-json\/wp\/v2\/comments?post=540"}],"version-history":[{"count":5,"href":"https:\/\/laketownapartments.com\/hu\/wp-json\/wp\/v2\/pages\/540\/revisions"}],"predecessor-version":[{"id":553,"href":"https:\/\/laketownapartments.com\/hu\/wp-json\/wp\/v2\/pages\/540\/revisions\/553"}],"wp:attachment":[{"href":"https:\/\/laketownapartments.com\/hu\/wp-json\/wp\/v2\/media?parent=540"}],"curies":[{"name":"wp","href":"https:\/\/api.w.org\/{rel}","templated":true}]}}